{"id":1028,"date":"2026-01-23T17:04:58","date_gmt":"2026-01-23T16:04:58","guid":{"rendered":"https:\/\/mark-com.com\/?page_id=1028"},"modified":"2026-02-03T14:23:42","modified_gmt":"2026-02-03T13:23:42","slug":"accueil","status":"publish","type":"page","link":"https:\/\/mark-com.com\/fr\/","title":{"rendered":"Accueil"},"content":{"rendered":"\t\t<div data-elementor-type=\"wp-page\" data-elementor-id=\"1028\" class=\"elementor elementor-1028\" data-elementor-post-type=\"page\">\n\t\t\t\t<div class=\"elementor-element elementor-element-814126a e-flex e-con-boxed wpr-particle-no wpr-jarallax-no wpr-parallax-no wpr-sticky-section-no wpr-column-slider-no wpr-equal-height-no e-con e-parent\" data-id=\"814126a\" data-element_type=\"container\" data-e-type=\"container\" data-settings=\"{&quot;background_background&quot;:&quot;slideshow&quot;,&quot;background_slideshow_gallery&quot;:[{&quot;id&quot;:1150,&quot;url&quot;:&quot;https:\\\/\\\/mark-com.com\\\/wp-content\\\/uploads\\\/2026\\\/01\\\/IMAGE-ORDI.avif&quot;}],&quot;background_slideshow_loop&quot;:&quot;yes&quot;,&quot;background_slideshow_slide_duration&quot;:5000,&quot;background_slideshow_slide_transition&quot;:&quot;fade&quot;,&quot;background_slideshow_transition_duration&quot;:500}\">\n\t\t\t\t\t<div class=\"e-con-inner\">\n\t\t\t\t<div class=\"elementor-element elementor-element-a4ca21b elementor-widget elementor-widget-spacer\" data-id=\"a4ca21b\" data-element_type=\"widget\" data-e-type=\"widget\" data-widget_type=\"spacer.default\">\n\t\t\t\t\t\t\t<div class=\"elementor-spacer\">\n\t\t\t<div class=\"elementor-spacer-inner\"><\/div>\n\t\t<\/div>\n\t\t\t\t\t\t<\/div>\n\t\t\t\t<div class=\"elementor-element elementor-element-5e9f06d elementor-widget elementor-widget-heading\" data-id=\"5e9f06d\" data-element_type=\"widget\" data-e-type=\"widget\" data-widget_type=\"heading.default\">\n\t\t\t\t\t<h2 class=\"elementor-heading-title elementor-size-default\">Mark-Com Event <\/h2>\t\t\t\t<\/div>\n\t\t\t\t<div class=\"elementor-element elementor-element-1eb772d elementor-widget elementor-widget-heading\" data-id=\"1eb772d\" data-element_type=\"widget\" data-e-type=\"widget\" data-widget_type=\"heading.default\">\n\t\t\t\t\t<h2 class=\"elementor-heading-title elementor-size-default\">Conception et organisation de conf\u00e9rences et \u00e9v\u00e9nements B2B de haute qualit\u00e9 en Europe et au-del\u00e0.<\/h2>\t\t\t\t<\/div>\n\t\t\t\t<div class=\"elementor-element elementor-element-f4039c2 elementor-widget elementor-widget-heading\" data-id=\"f4039c2\" data-element_type=\"widget\" data-e-type=\"widget\" data-widget_type=\"heading.default\">\n\t\t\t\t\t<h2 class=\"elementor-heading-title elementor-size-default\">Nos \u00e9v\u00e9nements r\u00e9unissent les professionnels du num\u00e9rique afin d\u2019\u00e9changer sur les enjeux actuels, de d\u00e9couvrir des innovations utiles et de d\u00e9velopper des collaborations fructueuses.<\/h2>\t\t\t\t<\/div>\n\t\t\t\t<div class=\"elementor-element elementor-element-8597d62 elementor-widget elementor-widget-spacer\" data-id=\"8597d62\" data-element_type=\"widget\" data-e-type=\"widget\" data-widget_type=\"spacer.default\">\n\t\t\t\t\t\t\t<div class=\"elementor-spacer\">\n\t\t\t<div class=\"elementor-spacer-inner\"><\/div>\n\t\t<\/div>\n\t\t\t\t\t\t<\/div>\n\t\t\t\t\t<\/div>\n\t\t\t\t<\/div>\n\t\t<div class=\"elementor-element elementor-element-709f52c e-flex e-con-boxed wpr-particle-no wpr-jarallax-no wpr-parallax-no wpr-sticky-section-no wpr-column-slider-no wpr-equal-height-no e-con e-parent\" data-id=\"709f52c\" data-element_type=\"container\" data-e-type=\"container\">\n\t\t\t\t\t<div class=\"e-con-inner\">\n\t\t<div class=\"elementor-element elementor-element-6e5f994 e-con-full e-flex wpr-particle-no wpr-jarallax-no wpr-parallax-no wpr-sticky-section-no wpr-column-slider-no wpr-equal-height-no e-con e-child\" data-id=\"6e5f994\" data-element_type=\"container\" data-e-type=\"container\">\n\t\t\t\t<div class=\"elementor-element elementor-element-8e4da6f elementor-widget elementor-widget-text-editor\" data-id=\"8e4da6f\" data-element_type=\"widget\" data-e-type=\"widget\" data-widget_type=\"text-editor.default\">\n\t\t\t\t\t\t\t\t\t<p>QUI SOMMES-NOUS ?<\/p>\t\t\t\t\t\t\t\t<\/div>\n\t\t\t\t<div class=\"elementor-element elementor-element-5541be6 elementor-widget elementor-widget-text-editor\" data-id=\"5541be6\" data-element_type=\"widget\" data-e-type=\"widget\" data-widget_type=\"text-editor.default\">\n\t\t\t\t\t\t\t\t\t<p>Depuis pr\u00e8s de trente ans, Mark-Com Event imagine et produit des conf\u00e9rences et rencontres professionnelles d\u00e9di\u00e9es aux secteurs IT, t\u00e9l\u00e9coms, IoT, cybers\u00e9curit\u00e9 et infrastructures num\u00e9riques. Pr\u00e9sents en France, en Belgique, au Luxembourg et en Afrique du Nord, nous cr\u00e9ons des \u00e9v\u00e9nements qui favorisent le partage d\u2019expertise et le d\u00e9veloppement de nouvelles opportunit\u00e9s.<\/p>\t\t\t\t\t\t\t\t<\/div>\n\t\t\t\t<\/div>\n\t\t<div class=\"elementor-element elementor-element-1bcbf29 e-con-full e-flex wpr-particle-no wpr-jarallax-no wpr-parallax-no wpr-sticky-section-no wpr-column-slider-no wpr-equal-height-no e-con e-child\" data-id=\"1bcbf29\" data-element_type=\"container\" data-e-type=\"container\">\n\t\t\t\t<div class=\"elementor-element elementor-element-d522314 elementor-widget elementor-widget-image\" data-id=\"d522314\" data-element_type=\"widget\" data-e-type=\"widget\" data-widget_type=\"image.default\">\n\t\t\t\t\t\t\t\t\t\t\t\t\t\t\t<img decoding=\"async\" width=\"288\" height=\"128\" src=\"https:\/\/mark-com.com\/wp-content\/uploads\/2026\/01\/LOGO-MARK-COM.png\" class=\"attachment-large size-large wp-image-1136\" alt=\"\" srcset=\"https:\/\/mark-com.com\/wp-content\/uploads\/2026\/01\/LOGO-MARK-COM.png 288w, https:\/\/mark-com.com\/wp-content\/uploads\/2026\/01\/LOGO-MARK-COM-18x8.png 18w\" sizes=\"(max-width: 288px) 100vw, 288px\" \/>\t\t\t\t\t\t\t\t\t\t\t\t\t\t\t<\/div>\n\t\t\t\t<div class=\"elementor-element elementor-element-c92dd20 elementor-widget elementor-widget-spacer\" data-id=\"c92dd20\" data-element_type=\"widget\" data-e-type=\"widget\" data-widget_type=\"spacer.default\">\n\t\t\t\t\t\t\t<div class=\"elementor-spacer\">\n\t\t\t<div class=\"elementor-spacer-inner\"><\/div>\n\t\t<\/div>\n\t\t\t\t\t\t<\/div>\n\t\t\t\t<\/div>\n\t\t\t\t\t<\/div>\n\t\t\t\t<\/div>\n\t\t<div class=\"elementor-element elementor-element-251d4da e-flex e-con-boxed wpr-particle-no wpr-jarallax-no wpr-parallax-no wpr-sticky-section-no wpr-column-slider-no wpr-equal-height-no e-con e-parent\" data-id=\"251d4da\" data-element_type=\"container\" data-e-type=\"container\">\n\t\t\t\t\t<div class=\"e-con-inner\">\n\t\t<div class=\"elementor-element elementor-element-0f7ed62 e-con-full e-flex wpr-particle-no wpr-jarallax-no wpr-parallax-no wpr-sticky-section-no wpr-column-slider-no wpr-equal-height-no e-con e-child\" data-id=\"0f7ed62\" data-element_type=\"container\" data-e-type=\"container\">\n\t\t\t\t<div class=\"elementor-element elementor-element-0e94ad6 elementor-widget elementor-widget-image\" data-id=\"0e94ad6\" data-element_type=\"widget\" data-e-type=\"widget\" data-widget_type=\"image.default\">\n\t\t\t\t\t\t\t\t\t\t\t\t\t\t\t<img fetchpriority=\"high\" decoding=\"async\" width=\"736\" height=\"491\" src=\"https:\/\/mark-com.com\/wp-content\/uploads\/2025\/05\/The-ULTIMATE-Guide-to-Marketing-Your-Biz-at-Trade-Shows-Conferences.jpg\" class=\"attachment-large size-large wp-image-337\" alt=\"\" srcset=\"https:\/\/mark-com.com\/wp-content\/uploads\/2025\/05\/The-ULTIMATE-Guide-to-Marketing-Your-Biz-at-Trade-Shows-Conferences.jpg 736w, https:\/\/mark-com.com\/wp-content\/uploads\/2025\/05\/The-ULTIMATE-Guide-to-Marketing-Your-Biz-at-Trade-Shows-Conferences-300x200.jpg 300w\" sizes=\"(max-width: 736px) 100vw, 736px\" \/>\t\t\t\t\t\t\t\t\t\t\t\t\t\t\t<\/div>\n\t\t\t\t<\/div>\n\t\t<div class=\"elementor-element elementor-element-88cb756 e-con-full e-flex wpr-particle-no wpr-jarallax-no wpr-parallax-no wpr-sticky-section-no wpr-column-slider-no wpr-equal-height-no e-con e-child\" data-id=\"88cb756\" data-element_type=\"container\" data-e-type=\"container\">\n\t\t\t\t<div class=\"elementor-element elementor-element-5512cb6 elementor-widget elementor-widget-text-editor\" data-id=\"5512cb6\" data-element_type=\"widget\" data-e-type=\"widget\" data-widget_type=\"text-editor.default\">\n\t\t\t\t\t\t\t\t\t<p>NOS EVENEMENTS<\/p>\t\t\t\t\t\t\t\t<\/div>\n\t\t\t\t<div class=\"elementor-element elementor-element-b14d74c elementor-widget elementor-widget-text-editor\" data-id=\"b14d74c\" data-element_type=\"widget\" data-e-type=\"widget\" data-widget_type=\"text-editor.default\">\n\t\t\t\t\t\t\t\t\t<p>D\u00e9couvrez l\u2019ensemble de nos \u00e9v\u00e9nements de r\u00e9f\u00e9rence, con\u00e7us pour accompagner les d\u00e9cideurs et experts dans leurs enjeux technologiques et organisationnels.<\/p>\t\t\t\t\t\t\t\t<\/div>\n\t\t\t\t<div class=\"elementor-element elementor-element-5685db6 elementor-widget elementor-widget-button\" data-id=\"5685db6\" data-element_type=\"widget\" data-e-type=\"widget\" data-widget_type=\"button.default\">\n\t\t\t\t\t\t\t\t\t\t<a class=\"elementor-button elementor-button-link elementor-size-sm\" href=\"https:\/\/mark-com.com\/fr\/nos-evenements\/\">\n\t\t\t\t\t\t<span class=\"elementor-button-content-wrapper\">\n\t\t\t\t\t\t\t\t\t<span class=\"elementor-button-text\">En savoir plus<\/span>\n\t\t\t\t\t<\/span>\n\t\t\t\t\t<\/a>\n\t\t\t\t\t\t\t\t<\/div>\n\t\t\t\t<\/div>\n\t\t\t\t\t<\/div>\n\t\t\t\t<\/div>\n\t\t<div class=\"elementor-element elementor-element-8bb29b7 e-flex e-con-boxed wpr-particle-no wpr-jarallax-no wpr-parallax-no wpr-sticky-section-no wpr-column-slider-no wpr-equal-height-no e-con e-parent\" data-id=\"8bb29b7\" data-element_type=\"container\" data-e-type=\"container\">\n\t\t\t\t\t<div class=\"e-con-inner\">\n\t\t<div class=\"elementor-element elementor-element-283a307 e-con-full e-flex wpr-particle-no wpr-jarallax-no wpr-parallax-no wpr-sticky-section-no wpr-column-slider-no wpr-equal-height-no e-con e-child\" data-id=\"283a307\" data-element_type=\"container\" data-e-type=\"container\">\n\t\t\t\t<div class=\"elementor-element elementor-element-414f249 elementor-widget elementor-widget-text-editor\" data-id=\"414f249\" data-element_type=\"widget\" data-e-type=\"widget\" data-widget_type=\"text-editor.default\">\n\t\t\t\t\t\t\t\t\t<p>NOS PROCHAINS RENDEZ-VOUS :<\/p>\t\t\t\t\t\t\t\t<\/div>\n\t\t\t\t<div class=\"elementor-element elementor-element-f39a2c5 elementor-widget elementor-widget-text-editor\" data-id=\"f39a2c5\" data-element_type=\"widget\" data-e-type=\"widget\" data-widget_type=\"text-editor.default\">\n\t\t\t\t\t\t\t\t\t<ul><li>DPO Forum Lyon, \u00e0 l\u2019Embarcad\u00e8re, le 26 mars 2026<\/li><li>DPO Forum Bruxelles, au Sheraton Brussels Airport Hotel, le 28 avril 2026<\/li><li>Resilience and Sovereignty Convention, au Sheraton Brussels Airport Hotel, le 28 avril 2026<\/li><li>DPO Forum Luxembourg, au Royal Hotel, le 10 d\u00e9cembre 2026<\/li><\/ul>\t\t\t\t\t\t\t\t<\/div>\n\t\t\t\t<\/div>\n\t\t<div class=\"elementor-element elementor-element-07db128 e-con-full e-flex wpr-particle-no wpr-jarallax-no wpr-parallax-no wpr-sticky-section-no wpr-column-slider-no wpr-equal-height-no e-con e-child\" data-id=\"07db128\" data-element_type=\"container\" data-e-type=\"container\">\n\t\t\t\t<div class=\"elementor-element elementor-element-651bcb7 elementor-widget elementor-widget-image\" data-id=\"651bcb7\" data-element_type=\"widget\" data-e-type=\"widget\" data-widget_type=\"image.default\">\n\t\t\t\t\t\t\t\t\t\t\t\t\t\t\t<img decoding=\"async\" width=\"800\" height=\"533\" src=\"https:\/\/mark-com.com\/wp-content\/uploads\/2025\/07\/lembarcadere-lyon--1024x682.webp\" class=\"attachment-large size-large wp-image-901\" alt=\"\" srcset=\"https:\/\/mark-com.com\/wp-content\/uploads\/2025\/07\/lembarcadere-lyon--1024x682.webp 1024w, https:\/\/mark-com.com\/wp-content\/uploads\/2025\/07\/lembarcadere-lyon--300x200.webp 300w, https:\/\/mark-com.com\/wp-content\/uploads\/2025\/07\/lembarcadere-lyon--768x511.webp 768w, https:\/\/mark-com.com\/wp-content\/uploads\/2025\/07\/lembarcadere-lyon--1536x1023.webp 1536w, https:\/\/mark-com.com\/wp-content\/uploads\/2025\/07\/lembarcadere-lyon--2048x1364.webp 2048w, https:\/\/mark-com.com\/wp-content\/uploads\/2025\/07\/lembarcadere-lyon--18x12.webp 18w\" sizes=\"(max-width: 800px) 100vw, 800px\" \/>\t\t\t\t\t\t\t\t\t\t\t\t\t\t\t<\/div>\n\t\t\t\t<\/div>\n\t\t\t\t\t<\/div>\n\t\t\t\t<\/div>\n\t\t<div class=\"elementor-element elementor-element-8e93f83 e-flex e-con-boxed wpr-particle-no wpr-jarallax-no wpr-parallax-no wpr-sticky-section-no wpr-column-slider-no wpr-equal-height-no e-con e-parent\" data-id=\"8e93f83\" data-element_type=\"container\" data-e-type=\"container\">\n\t\t\t\t\t<div class=\"e-con-inner\">\n\t\t\t\t<div class=\"elementor-element elementor-element-82a0c19 elementor-widget elementor-widget-text-editor\" data-id=\"82a0c19\" data-element_type=\"widget\" data-e-type=\"widget\" data-widget_type=\"text-editor.default\">\n\t\t\t\t\t\t\t\t\t<p><span style=\"text-decoration: underline;\"><em>Politique de confidentialit\u00e9<\/em><\/span><\/p>\t\t\t\t\t\t\t\t<\/div>\n\t\t\t\t\t<\/div>\n\t\t\t\t<\/div>\n\t\t\t\t<\/div>\n\t\t","protected":false},"excerpt":{"rendered":"<p>Mark-Com Event Conception et organisation de conf\u00e9rences et \u00e9v\u00e9nements B2B de haute qualit\u00e9 en Europe et au-del\u00e0. Nos \u00e9v\u00e9nements r\u00e9unissent les professionnels du num\u00e9rique afin d\u2019\u00e9changer sur les enjeux actuels, de d\u00e9couvrir des innovations utiles et de d\u00e9velopper des collaborations fructueuses. QUI SOMMES-NOUS ? Depuis pr\u00e8s de trente ans, Mark-Com Event imagine et produit des conf\u00e9rences et rencontres professionnelles d\u00e9di\u00e9es aux secteurs IT, t\u00e9l\u00e9coms, IoT, cybers\u00e9curit\u00e9 et infrastructures num\u00e9riques. Pr\u00e9sents en France, en Belgique, au Luxembourg et en Afrique du Nord, nous cr\u00e9ons des \u00e9v\u00e9nements qui favorisent le partage d\u2019expertise et le d\u00e9veloppement de nouvelles opportunit\u00e9s. NOS EVENEMENTS D\u00e9couvrez l\u2019ensemble de nos \u00e9v\u00e9nements de r\u00e9f\u00e9rence, con\u00e7us pour accompagner les d\u00e9cideurs et experts dans leurs enjeux technologiques et organisationnels. En savoir plus NOS PROCHAINS RENDEZ-VOUS : DPO Forum Lyon, \u00e0 l\u2019Embarcad\u00e8re, le 26 mars 2026 DPO Forum Bruxelles, au Sheraton Brussels Airport Hotel, le 28 avril 2026 Resilience and Sovereignty Convention, au Sheraton Brussels Airport Hotel, le 28 avril 2026 DPO Forum Luxembourg, au Royal Hotel, le 10 d\u00e9cembre 2026 Politique de confidentialit\u00e9<\/p>\n","protected":false},"author":1,"featured_media":0,"parent":0,"menu_order":0,"comment_status":"closed","ping_status":"closed","template":"","meta":{"_eb_attr":"","footnotes":""},"class_list":["post-1028","page","type-page","status-publish","hentry"],"_links":{"self":[{"href":"https:\/\/mark-com.com\/fr\/wp-json\/wp\/v2\/pages\/1028","targetHints":{"allow":["GET"]}}],"collection":[{"href":"https:\/\/mark-com.com\/fr\/wp-json\/wp\/v2\/pages"}],"about":[{"href":"https:\/\/mark-com.com\/fr\/wp-json\/wp\/v2\/types\/page"}],"author":[{"embeddable":true,"href":"https:\/\/mark-com.com\/fr\/wp-json\/wp\/v2\/users\/1"}],"replies":[{"embeddable":true,"href":"https:\/\/mark-com.com\/fr\/wp-json\/wp\/v2\/comments?post=1028"}],"version-history":[{"count":53,"href":"https:\/\/mark-com.com\/fr\/wp-json\/wp\/v2\/pages\/1028\/revisions"}],"predecessor-version":[{"id":1445,"href":"https:\/\/mark-com.com\/fr\/wp-json\/wp\/v2\/pages\/1028\/revisions\/1445"}],"wp:attachment":[{"href":"https:\/\/mark-com.com\/fr\/wp-json\/wp\/v2\/media?parent=1028"}],"curies":[{"name":"wp","href":"https:\/\/api.w.org\/{rel}","templated":true}]}}