{"id":1112,"date":"2026-01-26T12:22:14","date_gmt":"2026-01-26T11:22:14","guid":{"rendered":"https:\/\/mark-com.com\/?page_id=1112"},"modified":"2026-03-18T17:16:03","modified_gmt":"2026-03-18T16:16:03","slug":"contact","status":"publish","type":"page","link":"https:\/\/mark-com.com\/en\/contact\/","title":{"rendered":"Contact"},"content":{"rendered":"\t\t<div data-elementor-type=\"wp-page\" data-elementor-id=\"1112\" class=\"elementor elementor-1112\" data-elementor-post-type=\"page\">\n\t\t\t\t<div class=\"elementor-element elementor-element-68d53e6 e-flex e-con-boxed wpr-particle-no wpr-jarallax-no wpr-parallax-no wpr-sticky-section-no wpr-column-slider-no wpr-equal-height-no e-con e-parent\" data-id=\"68d53e6\" data-element_type=\"container\" data-e-type=\"container\" data-settings=\"{&quot;background_background&quot;:&quot;slideshow&quot;,&quot;background_slideshow_gallery&quot;:[{&quot;id&quot;:1183,&quot;url&quot;:&quot;https:\\\/\\\/mark-com.com\\\/wp-content\\\/uploads\\\/2026\\\/01\\\/julian-hochgesang-Dkn8-zPIbwo-unsplash-scaled.jpg&quot;}],&quot;background_slideshow_loop&quot;:&quot;yes&quot;,&quot;background_slideshow_slide_duration&quot;:5000,&quot;background_slideshow_slide_transition&quot;:&quot;fade&quot;,&quot;background_slideshow_transition_duration&quot;:500}\">\n\t\t\t\t\t<div class=\"e-con-inner\">\n\t\t\t\t<div class=\"elementor-element elementor-element-b10bbf6 elementor-widget elementor-widget-spacer\" data-id=\"b10bbf6\" data-element_type=\"widget\" data-e-type=\"widget\" data-widget_type=\"spacer.default\">\n\t\t\t\t\t\t\t<div class=\"elementor-spacer\">\n\t\t\t<div class=\"elementor-spacer-inner\"><\/div>\n\t\t<\/div>\n\t\t\t\t\t\t<\/div>\n\t\t\t\t<div class=\"elementor-element elementor-element-89b9c25 elementor-widget elementor-widget-heading\" data-id=\"89b9c25\" data-element_type=\"widget\" data-e-type=\"widget\" data-widget_type=\"heading.default\">\n\t\t\t\t\t<h2 class=\"elementor-heading-title elementor-size-default\">NOUS CONTACTER :<\/h2>\t\t\t\t<\/div>\n\t\t\t\t<div class=\"elementor-element elementor-element-536c575 elementor-widget elementor-widget-spacer\" data-id=\"536c575\" data-element_type=\"widget\" data-e-type=\"widget\" data-widget_type=\"spacer.default\">\n\t\t\t\t\t\t\t<div class=\"elementor-spacer\">\n\t\t\t<div class=\"elementor-spacer-inner\"><\/div>\n\t\t<\/div>\n\t\t\t\t\t\t<\/div>\n\t\t\t\t\t<\/div>\n\t\t\t\t<\/div>\n\t\t<div class=\"elementor-element elementor-element-9705b0b e-flex e-con-boxed wpr-particle-no wpr-jarallax-no wpr-parallax-no wpr-sticky-section-no wpr-column-slider-no wpr-equal-height-no e-con e-parent\" data-id=\"9705b0b\" data-element_type=\"container\" data-e-type=\"container\">\n\t\t\t\t\t<div class=\"e-con-inner\">\n\t\t<div class=\"elementor-element elementor-element-dc06ede e-con-full e-flex wpr-particle-no wpr-jarallax-no wpr-parallax-no wpr-sticky-section-no wpr-column-slider-no wpr-equal-height-no e-con e-child\" data-id=\"dc06ede\" data-element_type=\"container\" data-e-type=\"container\">\n\t\t\t\t<div class=\"elementor-element elementor-element-db66ac7 elementor-widget elementor-widget-spacer\" data-id=\"db66ac7\" data-element_type=\"widget\" data-e-type=\"widget\" data-widget_type=\"spacer.default\">\n\t\t\t\t\t\t\t<div class=\"elementor-spacer\">\n\t\t\t<div class=\"elementor-spacer-inner\"><\/div>\n\t\t<\/div>\n\t\t\t\t\t\t<\/div>\n\t\t\t\t<div class=\"elementor-element elementor-element-6639e86 elementor-widget elementor-widget-text-editor\" data-id=\"6639e86\" data-element_type=\"widget\" data-e-type=\"widget\" data-widget_type=\"text-editor.default\">\n\t\t\t\t\t\t\t\t\t<p>Fran\u00e7ois VAJDA<\/p>\t\t\t\t\t\t\t\t<\/div>\n\t\t\t\t<div class=\"elementor-element elementor-element-315e0cd elementor-widget elementor-widget-text-editor\" data-id=\"315e0cd\" data-element_type=\"widget\" data-e-type=\"widget\" data-widget_type=\"text-editor.default\">\n\t\t\t\t\t\t\t\t\t<p>Managing Partner<\/p><p>fvajda@mark-com.com<\/p><p>+32 (0) 473 56 32 08 (BE)<\/p><p>+33 (0) 674 71 78 57 (FR)<\/p>\t\t\t\t\t\t\t\t<\/div>\n\t\t\t\t<\/div>\n\t\t<div class=\"elementor-element elementor-element-368b978 e-con-full e-flex wpr-particle-no wpr-jarallax-no wpr-parallax-no wpr-sticky-section-no wpr-column-slider-no wpr-equal-height-no e-con e-child\" data-id=\"368b978\" data-element_type=\"container\" data-e-type=\"container\">\n\t\t\t\t<div class=\"elementor-element elementor-element-560a1ff elementor-widget elementor-widget-spacer\" data-id=\"560a1ff\" data-element_type=\"widget\" data-e-type=\"widget\" data-widget_type=\"spacer.default\">\n\t\t\t\t\t\t\t<div class=\"elementor-spacer\">\n\t\t\t<div class=\"elementor-spacer-inner\"><\/div>\n\t\t<\/div>\n\t\t\t\t\t\t<\/div>\n\t\t\t\t<div class=\"elementor-element elementor-element-c6f6eee elementor-widget elementor-widget-text-editor\" data-id=\"c6f6eee\" data-element_type=\"widget\" data-e-type=\"widget\" data-widget_type=\"text-editor.default\">\n\t\t\t\t\t\t\t\t\t<p>Mila VANEL<\/p>\t\t\t\t\t\t\t\t<\/div>\n\t\t\t\t<div class=\"elementor-element elementor-element-3e67bda elementor-widget elementor-widget-text-editor\" data-id=\"3e67bda\" data-element_type=\"widget\" data-e-type=\"widget\" data-widget_type=\"text-editor.default\">\n\t\t\t\t\t\t\t\t\t<p>Marketing Digital &amp; Event Coordinator<\/p><p>mila@mark-com.com<\/p><p>+33 (0) 787 34 16 11 (FR)<\/p>\t\t\t\t\t\t\t\t<\/div>\n\t\t\t\t<\/div>\n\t\t<div class=\"elementor-element elementor-element-7269bcf e-con-full e-flex wpr-particle-no wpr-jarallax-no wpr-parallax-no wpr-sticky-section-no wpr-column-slider-no wpr-equal-height-no e-con e-child\" data-id=\"7269bcf\" data-element_type=\"container\" data-e-type=\"container\">\n\t\t\t\t<div class=\"elementor-element elementor-element-58979aa elementor-widget elementor-widget-text-editor\" data-id=\"58979aa\" data-element_type=\"widget\" data-e-type=\"widget\" data-widget_type=\"text-editor.default\">\n\t\t\t\t\t\t\t\t\t<p>Lucie BERTRAND<\/p>\t\t\t\t\t\t\t\t<\/div>\n\t\t\t\t<div class=\"elementor-element elementor-element-ced8af0 elementor-widget elementor-widget-text-editor\" data-id=\"ced8af0\" data-element_type=\"widget\" data-e-type=\"widget\" data-widget_type=\"text-editor.default\">\n\t\t\t\t\t\t\t\t\t<p>Marketing Digital &amp; Event Coordinator<\/p><p>lucie@mark-com.com<\/p><p>+33 (0) 787 34 16 11 (FR)<\/p>\t\t\t\t\t\t\t\t<\/div>\n\t\t\t\t<\/div>\n\t\t<div class=\"elementor-element elementor-element-39171f7 e-con-full e-flex wpr-particle-no wpr-jarallax-no wpr-parallax-no wpr-sticky-section-no wpr-column-slider-no wpr-equal-height-no e-con e-child\" data-id=\"39171f7\" data-element_type=\"container\" data-e-type=\"container\">\n\t\t\t\t<div class=\"elementor-element elementor-element-a772198 elementor-widget elementor-widget-text-editor\" data-id=\"a772198\" data-element_type=\"widget\" data-e-type=\"widget\" data-widget_type=\"text-editor.default\">\n\t\t\t\t\t\t\t\t\t<p>Marc HUSQUINET<\/p>\t\t\t\t\t\t\t\t<\/div>\n\t\t\t\t<div class=\"elementor-element elementor-element-90db95a elementor-widget elementor-widget-text-editor\" data-id=\"90db95a\" data-element_type=\"widget\" data-e-type=\"widget\" data-widget_type=\"text-editor.default\">\n\t\t\t\t\t\t\t\t\t<p>Press and content Coordinator<\/p><p>marc.husquinet@gmail.com<\/p><p>+32 497 20 79 20 (BE)<\/p>\t\t\t\t\t\t\t\t<\/div>\n\t\t\t\t<\/div>\n\t\t\t\t\t<\/div>\n\t\t\t\t<\/div>\n\t\t<div class=\"elementor-element elementor-element-154a225 e-flex e-con-boxed wpr-particle-no wpr-jarallax-no wpr-parallax-no wpr-sticky-section-no wpr-column-slider-no wpr-equal-height-no e-con e-parent\" data-id=\"154a225\" data-element_type=\"container\" data-e-type=\"container\">\n\t\t\t\t\t<div class=\"e-con-inner\">\n\t\t<div class=\"elementor-element elementor-element-28c3052 e-con-full e-flex wpr-particle-no wpr-jarallax-no wpr-parallax-no wpr-sticky-section-no wpr-column-slider-no wpr-equal-height-no e-con e-child\" data-id=\"28c3052\" data-element_type=\"container\" data-e-type=\"container\">\n\t\t\t\t<div class=\"elementor-element elementor-element-8e48bbd elementor-widget elementor-widget-text-editor\" data-id=\"8e48bbd\" data-element_type=\"widget\" data-e-type=\"widget\" data-widget_type=\"text-editor.default\">\n\t\t\t\t\t\t\t\t\t<p>Fabrice HECQUET<\/p>\t\t\t\t\t\t\t\t<\/div>\n\t\t\t\t<div class=\"elementor-element elementor-element-8c81e37 elementor-widget elementor-widget-text-editor\" data-id=\"8c81e37\" data-element_type=\"widget\" data-e-type=\"widget\" data-widget_type=\"text-editor.default\">\n\t\t\t\t\t\t\t\t\t<p>Technical advisor<\/p><p>fabrice.hecquet@cyberxpert.be<\/p><p>+ 32 478 82 03 03 (BE)<\/p>\t\t\t\t\t\t\t\t<\/div>\n\t\t\t\t<\/div>\n\t\t\t\t\t<\/div>\n\t\t\t\t<\/div>\n\t\t<div class=\"elementor-element elementor-element-ac8c4f9 e-flex e-con-boxed wpr-particle-no wpr-jarallax-no wpr-parallax-no wpr-sticky-section-no wpr-column-slider-no wpr-equal-height-no e-con e-parent\" data-id=\"ac8c4f9\" data-element_type=\"container\" data-e-type=\"container\">\n\t\t\t\t\t<div class=\"e-con-inner\">\n\t\t\t\t<div class=\"elementor-element elementor-element-eacfeff elementor-widget__width-initial elementor-widget elementor-widget-text-editor\" data-id=\"eacfeff\" data-element_type=\"widget\" data-e-type=\"widget\" data-widget_type=\"text-editor.default\">\n\t\t\t\t\t\t\t\t\t<p>Notre \u00e9quipe sera ravie d\u2019\u00e9changer avec vous et de r\u00e9pondre \u00e0 toutes vos questions !<\/p>\t\t\t\t\t\t\t\t<\/div>\n\t\t\t\t\t<\/div>\n\t\t\t\t<\/div>\n\t\t\t\t<\/div>\n\t\t","protected":false},"excerpt":{"rendered":"<p>NOUS CONTACTER : Fran\u00e7ois VAJDA Managing Partner fvajda@mark-com.com +32 (0) 473 56 32 08 (BE) +33 (0) 674 71 78 57 (FR) Mila VANEL Marketing Digital &amp; Event Coordinator mila@mark-com.com +33 (0) 787 34 16 11 (FR) Lucie BERTRAND Marketing Digital &amp; Event Coordinator lucie@mark-com.com +33 (0) 787 34 16 11 (FR) Marc HUSQUINET Press and content Coordinator marc.husquinet@gmail.com +32 497 20 79 20 (BE) Fabrice HECQUET Technical advisor fabrice.hecquet@cyberxpert.be + 32 478 82 03 03 (BE) Notre \u00e9quipe sera ravie d\u2019\u00e9changer avec vous et de r\u00e9pondre \u00e0 toutes vos questions !<\/p>","protected":false},"author":1,"featured_media":0,"parent":0,"menu_order":0,"comment_status":"closed","ping_status":"closed","template":"","meta":{"_eb_attr":"","footnotes":""},"class_list":["post-1112","page","type-page","status-publish","hentry"],"_links":{"self":[{"href":"https:\/\/mark-com.com\/en\/wp-json\/wp\/v2\/pages\/1112","targetHints":{"allow":["GET"]}}],"collection":[{"href":"https:\/\/mark-com.com\/en\/wp-json\/wp\/v2\/pages"}],"about":[{"href":"https:\/\/mark-com.com\/en\/wp-json\/wp\/v2\/types\/page"}],"author":[{"embeddable":true,"href":"https:\/\/mark-com.com\/en\/wp-json\/wp\/v2\/users\/1"}],"replies":[{"embeddable":true,"href":"https:\/\/mark-com.com\/en\/wp-json\/wp\/v2\/comments?post=1112"}],"version-history":[{"count":22,"href":"https:\/\/mark-com.com\/en\/wp-json\/wp\/v2\/pages\/1112\/revisions"}],"predecessor-version":[{"id":1464,"href":"https:\/\/mark-com.com\/en\/wp-json\/wp\/v2\/pages\/1112\/revisions\/1464"}],"wp:attachment":[{"href":"https:\/\/mark-com.com\/en\/wp-json\/wp\/v2\/media?parent=1112"}],"curies":[{"name":"WordPress","href":"https:\/\/api.w.org\/{rel}","templated":true}]}}