{"id":1104,"date":"2026-01-26T12:16:17","date_gmt":"2026-01-26T11:16:17","guid":{"rendered":"https:\/\/mark-com.com\/?page_id=1104"},"modified":"2026-02-03T14:58:10","modified_gmt":"2026-02-03T13:58:10","slug":"faq","status":"publish","type":"page","link":"https:\/\/mark-com.com\/en\/faq\/","title":{"rendered":"FAQs"},"content":{"rendered":"\t\t<div data-elementor-type=\"wp-page\" data-elementor-id=\"1104\" class=\"elementor elementor-1104\" data-elementor-post-type=\"page\">\n\t\t\t\t<div class=\"elementor-element elementor-element-73147e3 e-flex e-con-boxed wpr-particle-no wpr-jarallax-no wpr-parallax-no wpr-sticky-section-no wpr-column-slider-no wpr-equal-height-no e-con e-parent\" data-id=\"73147e3\" data-element_type=\"container\" data-e-type=\"container\" data-settings=\"{&quot;background_background&quot;:&quot;slideshow&quot;,&quot;background_slideshow_gallery&quot;:[{&quot;id&quot;:1200,&quot;url&quot;:&quot;https:\\\/\\\/mark-com.com\\\/wp-content\\\/uploads\\\/2026\\\/01\\\/QUESTION-SITE.avif&quot;}],&quot;background_slideshow_loop&quot;:&quot;yes&quot;,&quot;background_slideshow_slide_duration&quot;:5000,&quot;background_slideshow_slide_transition&quot;:&quot;fade&quot;,&quot;background_slideshow_transition_duration&quot;:500}\">\n\t\t\t\t\t<div class=\"e-con-inner\">\n\t\t\t\t<div class=\"elementor-element elementor-element-94bd574 elementor-widget elementor-widget-spacer\" data-id=\"94bd574\" data-element_type=\"widget\" data-e-type=\"widget\" data-widget_type=\"spacer.default\">\n\t\t\t\t\t\t\t<div class=\"elementor-spacer\">\n\t\t\t<div class=\"elementor-spacer-inner\"><\/div>\n\t\t<\/div>\n\t\t\t\t\t\t<\/div>\n\t\t\t\t<div class=\"elementor-element elementor-element-d6d8be5 elementor-widget elementor-widget-heading\" data-id=\"d6d8be5\" data-element_type=\"widget\" data-e-type=\"widget\" data-widget_type=\"heading.default\">\n\t\t\t\t\t<h2 class=\"elementor-heading-title elementor-size-default\">FAQ - Foire Aux Questions<\/h2>\t\t\t\t<\/div>\n\t\t\t\t<div class=\"elementor-element elementor-element-5739825 elementor-widget elementor-widget-spacer\" data-id=\"5739825\" data-element_type=\"widget\" data-e-type=\"widget\" data-widget_type=\"spacer.default\">\n\t\t\t\t\t\t\t<div class=\"elementor-spacer\">\n\t\t\t<div class=\"elementor-spacer-inner\"><\/div>\n\t\t<\/div>\n\t\t\t\t\t\t<\/div>\n\t\t\t\t<div class=\"elementor-element elementor-element-b8b52d0 elementor-widget elementor-widget-spacer\" data-id=\"b8b52d0\" data-element_type=\"widget\" data-e-type=\"widget\" data-widget_type=\"spacer.default\">\n\t\t\t\t\t\t\t<div class=\"elementor-spacer\">\n\t\t\t<div class=\"elementor-spacer-inner\"><\/div>\n\t\t<\/div>\n\t\t\t\t\t\t<\/div>\n\t\t\t\t<div class=\"elementor-element elementor-element-e6913e5 elementor-widget elementor-widget-spacer\" data-id=\"e6913e5\" data-element_type=\"widget\" data-e-type=\"widget\" data-widget_type=\"spacer.default\">\n\t\t\t\t\t\t\t<div class=\"elementor-spacer\">\n\t\t\t<div class=\"elementor-spacer-inner\"><\/div>\n\t\t<\/div>\n\t\t\t\t\t\t<\/div>\n\t\t\t\t\t<\/div>\n\t\t\t\t<\/div>\n\t\t<div class=\"elementor-element elementor-element-8d54e31 e-flex e-con-boxed wpr-particle-no wpr-jarallax-no wpr-parallax-no wpr-sticky-section-no wpr-column-slider-no wpr-equal-height-no e-con e-parent\" data-id=\"8d54e31\" data-element_type=\"container\" data-e-type=\"container\">\n\t\t\t\t\t<div class=\"e-con-inner\">\n\t\t<div class=\"elementor-element elementor-element-5ebb80b e-con-full e-flex wpr-particle-no wpr-jarallax-no wpr-parallax-no wpr-sticky-section-no wpr-column-slider-no wpr-equal-height-no e-con e-child\" data-id=\"5ebb80b\" data-element_type=\"container\" data-e-type=\"container\">\n\t\t\t\t<div class=\"elementor-element elementor-element-b18cd71 elementor-widget elementor-widget-text-editor\" data-id=\"b18cd71\" data-element_type=\"widget\" data-e-type=\"widget\" data-widget_type=\"text-editor.default\">\n\t\t\t\t\t\t\t\t\t<p>Qui peut participer \u00e0 vos \u00e9v\u00e9nements ?<\/p>\t\t\t\t\t\t\t\t<\/div>\n\t\t\t\t<div class=\"elementor-element elementor-element-b39055a elementor-widget elementor-widget-text-editor\" data-id=\"b39055a\" data-element_type=\"widget\" data-e-type=\"widget\" data-widget_type=\"text-editor.default\">\n\t\t\t\t\t\t\t\t\t<p>Nos \u00e9v\u00e9nements sont ouverts aux professionnels des secteurs du num\u00e9rique, des t\u00e9l\u00e9communications et de la cybers\u00e9curit\u00e9, aux d\u00e9cideurs IT, ainsi qu\u2019aux acteurs publics et priv\u00e9s souhaitant s\u2019informer, cr\u00e9er des contacts et se d\u00e9velopper \u00e0 l\u2019\u00e9chelle europ\u00e9enne\/internationale.<\/p>\t\t\t\t\t\t\t\t<\/div>\n\t\t\t\t<\/div>\n\t\t<div class=\"elementor-element elementor-element-b7b45ec e-con-full e-flex wpr-particle-no wpr-jarallax-no wpr-parallax-no wpr-sticky-section-no wpr-column-slider-no wpr-equal-height-no e-con e-child\" data-id=\"b7b45ec\" data-element_type=\"container\" data-e-type=\"container\">\n\t\t\t\t<div class=\"elementor-element elementor-element-a0e5d82 elementor-widget elementor-widget-text-editor\" data-id=\"a0e5d82\" data-element_type=\"widget\" data-e-type=\"widget\" data-widget_type=\"text-editor.default\">\n\t\t\t\t\t\t\t\t\t<p>O\u00f9 se d\u00e9roulent vos conf\u00e9rences ?<\/p>\t\t\t\t\t\t\t\t<\/div>\n\t\t\t\t<div class=\"elementor-element elementor-element-e3c8fe3 elementor-widget elementor-widget-text-editor\" data-id=\"e3c8fe3\" data-element_type=\"widget\" data-e-type=\"widget\" data-widget_type=\"text-editor.default\">\n\t\t\t\t\t\t\t\t\t<p>Nos conf\u00e9rences ont lieu dans des villes strat\u00e9giques telles que Paris, Lille, Nantes, Lyon, Bruxelles, Luxembourg ou encore Casablanca.<\/p>\t\t\t\t\t\t\t\t<\/div>\n\t\t\t\t<\/div>\n\t\t<div class=\"elementor-element elementor-element-baa8169 e-con-full e-flex wpr-particle-no wpr-jarallax-no wpr-parallax-no wpr-sticky-section-no wpr-column-slider-no wpr-equal-height-no e-con e-child\" data-id=\"baa8169\" data-element_type=\"container\" data-e-type=\"container\">\n\t\t\t\t<div class=\"elementor-element elementor-element-59503ea elementor-widget elementor-widget-text-editor\" data-id=\"59503ea\" data-element_type=\"widget\" data-e-type=\"widget\" data-widget_type=\"text-editor.default\">\n\t\t\t\t\t\t\t\t\t<p>Vos \u00e9v\u00e9nements sont-ils accessibles en ligne ?<\/p>\t\t\t\t\t\t\t\t<\/div>\n\t\t\t\t<div class=\"elementor-element elementor-element-e5a745a elementor-widget elementor-widget-text-editor\" data-id=\"e5a745a\" data-element_type=\"widget\" data-e-type=\"widget\" data-widget_type=\"text-editor.default\">\n\t\t\t\t\t\t\t\t\t<p>Certains \u00e9v\u00e9nements proposent un format hybride avec retransmission en ligne. Cette pr\u00e9cision figure dans la description de chaque \u00e9v\u00e9nement.<\/p>\t\t\t\t\t\t\t\t<\/div>\n\t\t\t\t<\/div>\n\t\t<div class=\"elementor-element elementor-element-7697fb7 e-con-full e-flex wpr-particle-no wpr-jarallax-no wpr-parallax-no wpr-sticky-section-no wpr-column-slider-no wpr-equal-height-no e-con e-child\" data-id=\"7697fb7\" data-element_type=\"container\" data-e-type=\"container\">\n\t\t\t\t<div class=\"elementor-element elementor-element-8489b51 elementor-widget elementor-widget-text-editor\" data-id=\"8489b51\" data-element_type=\"widget\" data-e-type=\"widget\" data-widget_type=\"text-editor.default\">\n\t\t\t\t\t\t\t\t\t<p>Comment devenir partenaire ou sponsor d\u2019un forum ?<\/p>\t\t\t\t\t\t\t\t<\/div>\n\t\t\t\t<div class=\"elementor-element elementor-element-257d122 elementor-widget elementor-widget-text-editor\" data-id=\"257d122\" data-element_type=\"widget\" data-e-type=\"widget\" data-widget_type=\"text-editor.default\">\n\t\t\t\t\t\t\t\t\t<p>Nous proposons plusieurs formules de partenariat. Vous pouvez nous contacter \u00e0 l\u2019adresse suivante : mila@mark-com.com.<\/p>\t\t\t\t\t\t\t\t<\/div>\n\t\t\t\t<\/div>\n\t\t\t\t\t<\/div>\n\t\t\t\t<\/div>\n\t\t<div class=\"elementor-element elementor-element-87ee975 e-flex e-con-boxed wpr-particle-no wpr-jarallax-no wpr-parallax-no wpr-sticky-section-no wpr-column-slider-no wpr-equal-height-no e-con e-parent\" data-id=\"87ee975\" data-element_type=\"container\" data-e-type=\"container\">\n\t\t\t\t\t<div class=\"e-con-inner\">\n\t\t<div class=\"elementor-element elementor-element-0a3f662 e-con-full e-flex wpr-particle-no wpr-jarallax-no wpr-parallax-no wpr-sticky-section-no wpr-column-slider-no wpr-equal-height-no e-con e-child\" data-id=\"0a3f662\" data-element_type=\"container\" data-e-type=\"container\">\n\t\t\t\t<div class=\"elementor-element elementor-element-70e1f5b elementor-widget elementor-widget-text-editor\" data-id=\"70e1f5b\" data-element_type=\"widget\" data-e-type=\"widget\" data-widget_type=\"text-editor.default\">\n\t\t\t\t\t\t\t\t\t<p>Puis-je intervenir comme speaker ?<\/p>\t\t\t\t\t\t\t\t<\/div>\n\t\t\t\t<div class=\"elementor-element elementor-element-475e5b7 elementor-widget elementor-widget-text-editor\" data-id=\"475e5b7\" data-element_type=\"widget\" data-e-type=\"widget\" data-widget_type=\"text-editor.default\">\n\t\t\t\t\t\t\t\t\t<p>Oui. Si vous \u00eates expert dans votre domaine (cybers\u00e9curit\u00e9, infrastructures, conformit\u00e9 RGPD ou innovation IT), vous pouvez proposer votre intervention en \u00e9crivant \u00e0 : mila@mark-com.com<\/p>\t\t\t\t\t\t\t\t<\/div>\n\t\t\t\t<\/div>\n\t\t<div class=\"elementor-element elementor-element-faa4ee3 e-con-full e-flex wpr-particle-no wpr-jarallax-no wpr-parallax-no wpr-sticky-section-no wpr-column-slider-no wpr-equal-height-no e-con e-child\" data-id=\"faa4ee3\" data-element_type=\"container\" data-e-type=\"container\">\n\t\t\t\t<div class=\"elementor-element elementor-element-82312fe elementor-widget elementor-widget-text-editor\" data-id=\"82312fe\" data-element_type=\"widget\" data-e-type=\"widget\" data-widget_type=\"text-editor.default\">\n\t\t\t\t\t\t\t\t\t<p>Les \u00e9v\u00e9nements sont-ils gratuits ?<\/p>\t\t\t\t\t\t\t\t<\/div>\n\t\t\t\t<div class=\"elementor-element elementor-element-2cdb576 elementor-widget elementor-widget-text-editor\" data-id=\"2cdb576\" data-element_type=\"widget\" data-e-type=\"widget\" data-widget_type=\"text-editor.default\">\n\t\t\t\t\t\t\t\t\t<p>La plupart de nos \u00e9v\u00e9nements offrent une place gratuite aux 30 premiers inscrits. Au-del\u00e0, le tarif applicable est indiqu\u00e9 directement sur la billetterie. Nous tenons \u00e0 \u00e9viter le no-show : r\u00e9server une place signifie s\u2019engager \u00e0 \u00eatre pr\u00e9sent. Au-del\u00e0 de nos forfaits visiteurs, nos partenaires b\u00e9n\u00e9ficient de tarifs pr\u00e9f\u00e9rentiels. Les sponsors, quant \u00e0 eux, disposent d\u2019invitations gratuites, dont le nombre varie selon le package choisi.<\/p>\t\t\t\t\t\t\t\t<\/div>\n\t\t\t\t<\/div>\n\t\t\t\t\t<\/div>\n\t\t\t\t<\/div>\n\t\t\t\t<\/div>\n\t\t","protected":false},"excerpt":{"rendered":"<p>FAQ &#8211; Foire Aux Questions Qui peut participer \u00e0 vos \u00e9v\u00e9nements ? Nos \u00e9v\u00e9nements sont ouverts aux professionnels des secteurs du num\u00e9rique, des t\u00e9l\u00e9communications et de la cybers\u00e9curit\u00e9, aux d\u00e9cideurs IT, ainsi qu\u2019aux acteurs publics et priv\u00e9s souhaitant s\u2019informer, cr\u00e9er des contacts et se d\u00e9velopper \u00e0 l\u2019\u00e9chelle europ\u00e9enne\/internationale. O\u00f9 se d\u00e9roulent vos conf\u00e9rences ? Nos conf\u00e9rences ont lieu dans des villes strat\u00e9giques telles que Paris, Lille, Nantes, Lyon, Bruxelles, Luxembourg ou encore Casablanca. Vos \u00e9v\u00e9nements sont-ils accessibles en ligne ? Certains \u00e9v\u00e9nements proposent un format hybride avec retransmission en ligne. Cette pr\u00e9cision figure dans la description de chaque \u00e9v\u00e9nement. Comment devenir partenaire ou sponsor d\u2019un forum ? Nous proposons plusieurs formules de partenariat. Vous pouvez nous contacter \u00e0 l\u2019adresse suivante : mila@mark-com.com. Puis-je intervenir comme speaker ? Oui. Si vous \u00eates expert dans votre domaine (cybers\u00e9curit\u00e9, infrastructures, conformit\u00e9 RGPD ou innovation IT), vous pouvez proposer votre intervention en \u00e9crivant \u00e0 : mila@mark-com.com Les \u00e9v\u00e9nements sont-ils gratuits ? La plupart de nos \u00e9v\u00e9nements offrent une place gratuite aux 30 premiers inscrits. Au-del\u00e0, le tarif applicable est indiqu\u00e9 directement sur la billetterie. Nous tenons \u00e0 \u00e9viter le no-show : r\u00e9server une place signifie s\u2019engager \u00e0 \u00eatre pr\u00e9sent. Au-del\u00e0 de nos forfaits visiteurs, nos partenaires b\u00e9n\u00e9ficient de tarifs pr\u00e9f\u00e9rentiels. Les sponsors, quant \u00e0 eux, disposent d\u2019invitations gratuites, dont le nombre varie selon le package choisi.<\/p>","protected":false},"author":1,"featured_media":0,"parent":0,"menu_order":0,"comment_status":"closed","ping_status":"closed","template":"","meta":{"_eb_attr":"","footnotes":""},"class_list":["post-1104","page","type-page","status-publish","hentry"],"_links":{"self":[{"href":"https:\/\/mark-com.com\/en\/wp-json\/wp\/v2\/pages\/1104","targetHints":{"allow":["GET"]}}],"collection":[{"href":"https:\/\/mark-com.com\/en\/wp-json\/wp\/v2\/pages"}],"about":[{"href":"https:\/\/mark-com.com\/en\/wp-json\/wp\/v2\/types\/page"}],"author":[{"embeddable":true,"href":"https:\/\/mark-com.com\/en\/wp-json\/wp\/v2\/users\/1"}],"replies":[{"embeddable":true,"href":"https:\/\/mark-com.com\/en\/wp-json\/wp\/v2\/comments?post=1104"}],"version-history":[{"count":19,"href":"https:\/\/mark-com.com\/en\/wp-json\/wp\/v2\/pages\/1104\/revisions"}],"predecessor-version":[{"id":1432,"href":"https:\/\/mark-com.com\/en\/wp-json\/wp\/v2\/pages\/1104\/revisions\/1432"}],"wp:attachment":[{"href":"https:\/\/mark-com.com\/en\/wp-json\/wp\/v2\/media?parent=1104"}],"curies":[{"name":"WordPress","href":"https:\/\/api.w.org\/{rel}","templated":true}]}}